{"id":16,"date":"2014-07-24T14:17:38","date_gmt":"2014-07-24T14:17:38","guid":{"rendered":"http:\/\/polisanoprim.md\/demo\/wp\/sportify\/?page_id=16"},"modified":"2019-02-17T17:44:07","modified_gmt":"2019-02-17T17:44:07","slug":"home","status":"publish","type":"page","link":"https:\/\/polisanoprim.md\/en\/","title":{"rendered":"Home"},"content":{"rendered":"<section class=\"section four-blocks no-margin\" id=\"four_blocks\">\n<div class=\"container \">\n<div class=\"row\">\n<div class=\"block col-xs-6 col-md-3\">\n<h2 class=\"entry-title\">Working Hours<\/h2>\n<p>\nMon-Fri: 08:30 &#8211; 17:30<br\/>\nSat, Sun: day off\n<\/p>\n<\/p><\/div>\n<div class=\"block col-xs-6 col-md-3\">\n<h2 class=\"entry-title\"><a href=\"blog-en\">Blog<\/a><\/h2>\n<p>        <span>[ 2019-02-05 ]<\/span><\/p>\n<h4><a href=\"https:\/\/polisanoprim.md\/en\/metode-eficiente-pentru-mentinerea-in-frau-a-hipertensiunii-arteriale\/\">Effective methods to keep hypertension under <\/a><\/h4>\n<p>Hipertensiunea arterial\u0103 este o afec\u021biune cronic\u0103 caracterizat\u0103  [...]<\/p>\n<\/p><\/div>\n<div class=\"block col-xs-6 col-md-3\">\n<h2 class=\"entry-title\"><a href=\"\/category\/news-en\/\">News<\/a><\/h2>\n<p>        <span>[ 2019-02-05 ]<\/span><\/p>\n<h4><a href=\"https:\/\/polisanoprim.md\/en\/metode-eficiente-pentru-mentinerea-in-frau-a-hipertensiunii-arteriale\/\">Effective methods to keep hypertension under <\/a><\/h4>\n<p>Hipertensiunea arterial\u0103 este o afec\u021biune cronic\u0103 caracterizat\u0103  [...]<\/p>\n<\/p><\/div>\n<div class=\"block col-xs-6 col-md-3\">\n<h2 class=\"entry-title\">Emergency cases<\/h2>\n<p>\n<a href=\"skype:080077077\">0 800 77 0 77<\/a>\n<\/p>\n<\/p><\/div>\n<\/div>\n<\/div>\n<\/section>\n<section id=\"services_block\" class=\"block services-block no-margin\">\n<header class=\"text-center services-block-header block-header\">\n<div class=\"container\">\n<div class=\"aligncenter nowrap\">\n<h2 class=\"entry-header\">Our Services<\/h2>\n<\/p><\/div>\n<h3 class=\"entry-description\">One of the important activities of our company is to provide a full range of services associated with the repair and servicing of medical equipment.<\/h3>\n<\/p><\/div>\n<\/header>\n<div class=\"container\">\n<ul class=\"clean-list services-list featured-items row\" id=\"services_list\">\n<li class=\"col-xs-6 col-md-4\">\n<figure class=\"col-sm-3 col-md-3 no-padding\">\n                                <a class=\"font-4x grey text-dark-blue hover-blue\" href=\"#\">\n                                    <img alt=\"Installation and commissioning\" src=\"https:\/\/polisanoprim.md\/wp-content\/uploads\/2018\/12\/11.png\">\n                                <\/a>\n                            <\/figure>\n<div class=\"col-sm-9 col-md-9 no-padding\">\n<h4 class=\"entry-title pre-line\">Installation and commissioning<\/h4>\n<div class=\"content\">\n<p>of medical equipment<\/p>\n<\/p><\/div>\n<\/p><\/div>\n<\/li>\n<li class=\"col-xs-6 col-md-4\">\n<figure class=\"col-sm-3 col-md-3 no-padding\">\n                                <a class=\"font-4x grey text-dark-blue hover-blue\" href=\"#\">\n                                    <img alt=\"Modernization\" src=\"https:\/\/polisanoprim.md\/wp-content\/uploads\/2018\/12\/12.png\">\n                                <\/a>\n                            <\/figure>\n<div class=\"col-sm-9 col-md-9 no-padding\">\n<h4 class=\"entry-title pre-line\">Modernization<\/h4>\n<div class=\"content\">\n<p>of medical equipment<\/p>\n<\/p><\/div>\n<\/p><\/div>\n<\/li>\n<li class=\"col-xs-6 col-md-4\">\n<figure class=\"col-sm-3 col-md-3 no-padding\">\n                                <a class=\"font-4x grey text-dark-blue hover-blue\" href=\"#\">\n                                    <img alt=\"Testing\" src=\"https:\/\/polisanoprim.md\/wp-content\/uploads\/2018\/12\/13.png\">\n                                <\/a>\n                            <\/figure>\n<div class=\"col-sm-9 col-md-9 no-padding\">\n<h4 class=\"entry-title pre-line\">Testing<\/h4>\n<div class=\"content\">\n<p>and pre-training drug;<\/p>\n<\/p><\/div>\n<\/p><\/div>\n<\/li>\n<li class=\"col-xs-6 col-md-4\">\n<figure class=\"col-sm-3 col-md-3 no-padding\">\n                                <a class=\"font-4x grey text-dark-blue hover-blue\" href=\"#\">\n                                    <img alt=\"Warranty and post warranty maintenance\" src=\"https:\/\/polisanoprim.md\/wp-content\/uploads\/2018\/12\/14.png\">\n                                <\/a>\n                            <\/figure>\n<div class=\"col-sm-9 col-md-9 no-padding\">\n<h4 class=\"entry-title pre-line\">Warranty and post warranty maintenance<\/h4>\n<div class=\"content\">\n<p>of medical equipment<\/p>\n<\/p><\/div>\n<\/p><\/div>\n<\/li>\n<li class=\"col-xs-6 col-md-4\">\n<figure class=\"col-sm-3 col-md-3 no-padding\">\n                                <a class=\"font-4x grey text-dark-blue hover-blue\" href=\"#\">\n                                    <img alt=\"Regularly scheduled maintenance\" src=\"https:\/\/polisanoprim.md\/wp-content\/uploads\/2018\/12\/15.png\">\n                                <\/a>\n                            <\/figure>\n<div class=\"col-sm-9 col-md-9 no-padding\">\n<h4 class=\"entry-title pre-line\">Regularly scheduled maintenance<\/h4>\n<div class=\"content\">\n<p>and diagnostic and preventive maintenance (as part of the contract)<\/p>\n<\/p><\/div>\n<\/p><\/div>\n<\/li>\n<li class=\"col-xs-6 col-md-4\">\n<figure class=\"col-sm-3 col-md-3 no-padding\">\n                                <a class=\"font-4x grey text-dark-blue hover-blue\" href=\"#\">\n                                    <img alt=\"Training of health personnel\" src=\"https:\/\/polisanoprim.md\/wp-content\/uploads\/2018\/12\/16.png\">\n                                <\/a>\n                            <\/figure>\n<div class=\"col-sm-9 col-md-9 no-padding\">\n<h4 class=\"entry-title pre-line\">Training of health personnel<\/h4>\n<div class=\"content\">\n<p>to operate the equipment<\/p>\n<\/p><\/div>\n<\/p><\/div>\n<\/li>\n<\/ul><\/div>\n<\/section>\n<section id=\"articles_block\" class=\"block articles-block no-margin\">\n<header class=\"text-center articles-block-header block-header\">\n<div class=\"container\">\n<div class=\"aligncenter nowrap\">\n<h2 class=\"entry-header\">Blog<\/h2>\n<\/p><\/div>\n<h3 class=\"entry-description\">Latest News<\/h3>\n<\/p><\/div>\n<\/header>\n<div class=\"container\">\n<div class=\"row\">\n<ul class=\"clean-list articles-list featured-items row\">\n<li class=\"block col-sm-4 col-md-4\"><span class=\"date\">[ 2019-02-05 ]<\/span><img src=\"https:\/\/polisanoprim.md\/wp-content\/uploads\/2019\/02\/314515_free-national-doctors-day-computer-desktop-wallpapers_1920x1200_h.jpg\" alt=\"Effective methods to keep hypertension under control\">\n<h2 class=\"entry-header\"><a href=\"https:\/\/polisanoprim.md\/en\/metode-eficiente-pentru-mentinerea-in-frau-a-hipertensiunii-arteriale\/\">Effective methods to keep hypertension under control<\/a><\/h2>\n<p>Hipertensiunea arterial\u0103 este o afec\u021biune cronic\u0103 caracterizat\u0103 prin valori crescute ale presiunii arteriale a s\u00e2ngelui. \u00cen valori ideale, presiunea arterial\u0103 [&hellip;]<\/p>\n<\/ul><\/div>\n<\/p><\/div>\n<\/section>\n<p><!-- Displays About US Content Block --><\/p>\n<p>    <!-- Section About US --><\/p>\n<section id=\"about_block\" class=\"block about-block block-photo \" style=\"background-image: url(http:\/\/polisanoprim.md\/wp-content\/uploads\/2018\/12\/about-us.jpg);\">\n<header class=\"text-center about-block-header block-header\">\n<div class=\"container\">\n<div class=\"aligncenter nowrap\">\n<h2 class=\"entry-header\">About Us & What We Do<\/h2>\n<\/p><\/div>\n<\/p><\/div>\n<\/header>\n<div class=\"container\">\n<div class=\"row\">\n<div class=\"col-md-9\">\n<ul class=\"clean-list about-list row \">\n<li class=\"col-md-4\">\n<h4>Professional <i>equipment<\/i><\/h4>\n<\/li>\n<li class=\"col-md-4 no-padding-right\">\n<h4>Medical Products <i>For Home Use<\/i><\/h4>\n<\/li>\n<li class=\"col-md-4\">\n<h4>We Take Care <i>Of Your Health<\/i><\/h4>\n<\/li>\n<\/ul>\n<div class=\"content margin-top-60\">\n<p>Our stock is the most comprehensive range of spare parts, consumables and spare parts required for the rapid, high-quality repair and maintenance of medical equipment.<\/p>\n<p>Purchasing medical equipment from us, you not only get a technically perfect product, but also get excellent customer support from our highly qualified engineers with extensive experience in maintenance and repair of medical equipment.\n\t\t\t\t    <\/p><\/div>\n<\/p><\/div>\n<\/p><\/div>\n<\/p><\/div>\n<\/section>\n<p><!-- Displays Partners Logos --><\/p>\n<section id=\"partners_block\" class=\"block partners-block underneath-light \">\n<div class=\"container\">\n<ul class=\"clean-list grid partner-items partner-list text-center row\">\n<li class=\"col-md-2 col-sm-3 col-xs-4\">\n<figure class=\"invert\">\n                        <a class=\"rulmenpol-logo logo\" href=\"https:\/\/polisanoprim.md\/en\/partners\/taidoc-technology-inc\/\" >\n                            <img src=\"https:\/\/polisanoprim.md\/wp-content\/uploads\/2018\/12\/partner-logo-taidoc.png\" alt=\"TaiDoc Technology Inc.\" \/>\n                        <\/a>\n                    <\/figure>\n<\/li>\n<li class=\"col-md-2 col-sm-3 col-xs-4\">\n<figure class=\"invert\">\n                        <a class=\"rulmenpol-logo logo\" href=\"https:\/\/polisanoprim.md\/en\/partners\/and-medical\/\" >\n                            <img src=\"https:\/\/polisanoprim.md\/wp-content\/uploads\/2018\/12\/partner-logo-and.png\" alt=\"AND Medical\" \/>\n                        <\/a>\n                    <\/figure>\n<\/li>\n<li class=\"col-md-2 col-sm-3 col-xs-4\">\n<figure class=\"invert\">\n                        <a class=\"rulmenpol-logo logo\" href=\"https:\/\/polisanoprim.md\/en\/partners\/melag\/\" >\n                            <img src=\"https:\/\/polisanoprim.md\/wp-content\/uploads\/2018\/12\/partner-logo-melag.png\" alt=\"MELAG\" \/>\n                        <\/a>\n                    <\/figure>\n<\/li>\n<li class=\"col-md-2 col-sm-3 col-xs-4\">\n<figure class=\"invert\">\n                        <a class=\"rulmenpol-logo logo\" href=\"https:\/\/polisanoprim.md\/en\/partners\/btl-industries-ltd\/\" >\n                            <img src=\"https:\/\/polisanoprim.md\/wp-content\/uploads\/2018\/12\/partner-logo-btl.png\" alt=\"BTL Industries Ltd.\" \/>\n                        <\/a>\n                    <\/figure>\n<\/li>\n<li class=\"col-md-2 col-sm-3 col-xs-4\">\n<figure class=\"invert\">\n                        <a class=\"rulmenpol-logo logo\" href=\"https:\/\/polisanoprim.md\/en\/partners\/getinge\/\" >\n                            <img src=\"https:\/\/polisanoprim.md\/wp-content\/uploads\/2018\/12\/partner-logo-getinge.png\" alt=\"GETINGE\" \/>\n                        <\/a>\n                    <\/figure>\n<\/li>\n<li class=\"col-md-2 col-sm-3 col-xs-4\">\n<figure class=\"invert\">\n                        <a class=\"rulmenpol-logo logo\" href=\"https:\/\/polisanoprim.md\/en\/partners\/dr-schumacher\/\" >\n                            <img src=\"https:\/\/polisanoprim.md\/wp-content\/uploads\/2018\/12\/partner-logo-schumacher.png\" alt=\"Dr. Schumacher\" \/>\n                        <\/a>\n                    <\/figure>\n<\/li>\n<\/ul><\/div>\n<\/section>\n","protected":false},"excerpt":{"rendered":"","protected":false},"author":1,"featured_media":0,"parent":0,"menu_order":0,"comment_status":"open","ping_status":"open","template":"template-home.php","meta":[],"yoast_head":"<!-- This site is optimized with the Yoast SEO plugin v20.1 - https:\/\/yoast.com\/wordpress\/plugins\/seo\/ -->\n<title>Home - PolisanoPrim<\/title>\n<meta name=\"robots\" content=\"index, follow, max-snippet:-1, max-image-preview:large, max-video-preview:-1\" \/>\n<link rel=\"canonical\" href=\"https:\/\/polisanoprim.md\/en\/\" \/>\n<meta property=\"og:locale\" content=\"en_US\" \/>\n<meta property=\"og:type\" content=\"article\" \/>\n<meta property=\"og:title\" content=\"Home - PolisanoPrim\" \/>\n<meta property=\"og:url\" content=\"https:\/\/polisanoprim.md\/en\/\" \/>\n<meta property=\"og:site_name\" content=\"PolisanoPrim\" \/>\n<meta property=\"article:modified_time\" content=\"2019-02-17T17:44:07+00:00\" \/>\n<meta name=\"twitter:card\" content=\"summary_large_image\" \/>\n<meta name=\"twitter:label1\" content=\"Est. reading time\" \/>\n\t<meta name=\"twitter:data1\" content=\"1 minute\" \/>\n<script type=\"application\/ld+json\" class=\"yoast-schema-graph\">{\"@context\":\"https:\/\/schema.org\",\"@graph\":[{\"@type\":\"WebPage\",\"@id\":\"https:\/\/polisanoprim.md\/en\/\",\"url\":\"https:\/\/polisanoprim.md\/en\/\",\"name\":\"Home - PolisanoPrim\",\"isPartOf\":{\"@id\":\"https:\/\/polisanoprim.md\/#website\"},\"datePublished\":\"2014-07-24T14:17:38+00:00\",\"dateModified\":\"2019-02-17T17:44:07+00:00\",\"breadcrumb\":{\"@id\":\"https:\/\/polisanoprim.md\/en\/#breadcrumb\"},\"inLanguage\":\"en-US\",\"potentialAction\":[{\"@type\":\"ReadAction\",\"target\":[\"https:\/\/polisanoprim.md\/en\/\"]}]},{\"@type\":\"BreadcrumbList\",\"@id\":\"https:\/\/polisanoprim.md\/en\/#breadcrumb\",\"itemListElement\":[{\"@type\":\"ListItem\",\"position\":1,\"name\":\"Prima pagin\u0103\",\"item\":\"https:\/\/polisanoprim.md\/en\/\"},{\"@type\":\"ListItem\",\"position\":2,\"name\":\"Home\"}]},{\"@type\":\"WebSite\",\"@id\":\"https:\/\/polisanoprim.md\/#website\",\"url\":\"https:\/\/polisanoprim.md\/\",\"name\":\"PolisanoPrim\",\"description\":\"Just another WordPress site\",\"potentialAction\":[{\"@type\":\"SearchAction\",\"target\":{\"@type\":\"EntryPoint\",\"urlTemplate\":\"https:\/\/polisanoprim.md\/?s={search_term_string}\"},\"query-input\":\"required name=search_term_string\"}],\"inLanguage\":\"en-US\"}]}<\/script>\n<!-- \/ Yoast SEO plugin. -->","yoast_head_json":{"title":"Home - PolisanoPrim","robots":{"index":"index","follow":"follow","max-snippet":"max-snippet:-1","max-image-preview":"max-image-preview:large","max-video-preview":"max-video-preview:-1"},"canonical":"https:\/\/polisanoprim.md\/en\/","og_locale":"en_US","og_type":"article","og_title":"Home - PolisanoPrim","og_url":"https:\/\/polisanoprim.md\/en\/","og_site_name":"PolisanoPrim","article_modified_time":"2019-02-17T17:44:07+00:00","twitter_card":"summary_large_image","twitter_misc":{"Est. reading time":"1 minute"},"schema":{"@context":"https:\/\/schema.org","@graph":[{"@type":"WebPage","@id":"https:\/\/polisanoprim.md\/en\/","url":"https:\/\/polisanoprim.md\/en\/","name":"Home - PolisanoPrim","isPartOf":{"@id":"https:\/\/polisanoprim.md\/#website"},"datePublished":"2014-07-24T14:17:38+00:00","dateModified":"2019-02-17T17:44:07+00:00","breadcrumb":{"@id":"https:\/\/polisanoprim.md\/en\/#breadcrumb"},"inLanguage":"en-US","potentialAction":[{"@type":"ReadAction","target":["https:\/\/polisanoprim.md\/en\/"]}]},{"@type":"BreadcrumbList","@id":"https:\/\/polisanoprim.md\/en\/#breadcrumb","itemListElement":[{"@type":"ListItem","position":1,"name":"Prima pagin\u0103","item":"https:\/\/polisanoprim.md\/en\/"},{"@type":"ListItem","position":2,"name":"Home"}]},{"@type":"WebSite","@id":"https:\/\/polisanoprim.md\/#website","url":"https:\/\/polisanoprim.md\/","name":"PolisanoPrim","description":"Just another WordPress site","potentialAction":[{"@type":"SearchAction","target":{"@type":"EntryPoint","urlTemplate":"https:\/\/polisanoprim.md\/?s={search_term_string}"},"query-input":"required name=search_term_string"}],"inLanguage":"en-US"}]}},"_links":{"self":[{"href":"https:\/\/polisanoprim.md\/en\/wp-json\/wp\/v2\/pages\/16\/"}],"collection":[{"href":"https:\/\/polisanoprim.md\/en\/wp-json\/wp\/v2\/pages\/"}],"about":[{"href":"https:\/\/polisanoprim.md\/en\/wp-json\/wp\/v2\/types\/page\/"}],"author":[{"embeddable":true,"href":"https:\/\/polisanoprim.md\/en\/wp-json\/wp\/v2\/users\/1\/"}],"replies":[{"embeddable":true,"href":"https:\/\/polisanoprim.md\/en\/wp-json\/wp\/v2\/comments\/?post=16"}],"version-history":[{"count":48,"href":"https:\/\/polisanoprim.md\/en\/wp-json\/wp\/v2\/pages\/16\/revisions\/"}],"predecessor-version":[{"id":2246,"href":"https:\/\/polisanoprim.md\/en\/wp-json\/wp\/v2\/pages\/16\/revisions\/2246\/"}],"wp:attachment":[{"href":"https:\/\/polisanoprim.md\/en\/wp-json\/wp\/v2\/media\/?parent=16"}],"curies":[{"name":"wp","href":"https:\/\/api.w.org\/{rel}","templated":true}]}}